{"id":1447,"date":"2022-05-24T09:13:48","date_gmt":"2022-05-24T09:13:48","guid":{"rendered":"http:\/\/aevgroup.eu\/?page_id=1447"},"modified":"2022-10-03T15:44:38","modified_gmt":"2022-10-03T15:44:38","slug":"innotox-fne","status":"publish","type":"page","link":"https:\/\/aevgroup.eu\/ru\/innotox-fne\/","title":{"rendered":"INNOTOX FNE"},"content":{"rendered":"<div data-elementor-type=\"wp-page\" data-elementor-id=\"1447\" class=\"elementor elementor-1447\">\n\t\t\t\t\t\t<section class=\"elementor-section elementor-top-section elementor-element elementor-element-427808f1 elementor-section-boxed elementor-section-height-default elementor-section-height-default\" data-id=\"427808f1\" data-element_type=\"section\">\n\t\t\t\t\t\t<div class=\"elementor-container elementor-column-gap-default\">\n\t\t\t\t\t<div class=\"elementor-column elementor-col-100 elementor-top-column elementor-element elementor-element-3ca259bb\" data-id=\"3ca259bb\" data-element_type=\"column\">\n\t\t\t<div class=\"elementor-widget-wrap elementor-element-populated\">\n\t\t\t\t\t\t<div class=\"elementor-element elementor-element-654ad63 elementor-widget elementor-widget-heading\" data-id=\"654ad63\" data-element_type=\"widget\" data-widget_type=\"heading.default\">\n\t\t\t\t<div class=\"elementor-widget-container\">\n\t\t\t\t\t<h2 class=\"elementor-heading-title elementor-size-default\">INNOTOX FNE<\/h2>\t\t\t\t<\/div>\n\t\t\t\t<\/div>\n\t\t\t\t<div class=\"elementor-element elementor-element-50aa03a7 elementor-arrows-position-inside elementor-pagination-position-outside elementor-widget elementor-widget-image-carousel\" data-id=\"50aa03a7\" data-element_type=\"widget\" data-settings=\"{&quot;navigation&quot;:&quot;both&quot;,&quot;autoplay&quot;:&quot;yes&quot;,&quot;pause_on_hover&quot;:&quot;yes&quot;,&quot;pause_on_interaction&quot;:&quot;yes&quot;,&quot;autoplay_speed&quot;:5000,&quot;infinite&quot;:&quot;yes&quot;,&quot;speed&quot;:500}\" data-widget_type=\"image-carousel.default\">\n\t\t\t\t<div class=\"elementor-widget-container\">\n\t\t\t\t\t\t\t<div class=\"elementor-image-carousel-wrapper swiper\" role=\"region\" aria-roledescription=\"carousel\" aria-label=\"\u041a\u0430\u0440\u0443\u0441\u0435\u043b\u044c\" dir=\"ltr\">\n\t\t\t<div class=\"elementor-image-carousel swiper-wrapper\" aria-live=\"off\">\n\t\t\t\t\t\t\t\t<div class=\"swiper-slide\" role=\"group\" aria-roledescription=\"slide\" aria-label=\"1 \u0438\u0437 3\"><figure class=\"swiper-slide-inner\"><img decoding=\"async\" class=\"swiper-slide-image\" src=\"https:\/\/aevgroup.eu\/wp-content\/uploads\/2022\/06\/9.jpg\" alt=\"9\" \/><\/figure><\/div><div class=\"swiper-slide\" role=\"group\" aria-roledescription=\"slide\" aria-label=\"2 \u0438\u0437 3\"><figure class=\"swiper-slide-inner\"><img decoding=\"async\" class=\"swiper-slide-image\" src=\"https:\/\/aevgroup.eu\/wp-content\/uploads\/2022\/06\/4.jpg\" alt=\"4\" \/><\/figure><\/div><div class=\"swiper-slide\" role=\"group\" aria-roledescription=\"slide\" aria-label=\"3 \u0438\u0437 3\"><figure class=\"swiper-slide-inner\"><img decoding=\"async\" class=\"swiper-slide-image\" src=\"https:\/\/aevgroup.eu\/wp-content\/uploads\/2022\/06\/2.jpg\" alt=\"2\" \/><\/figure><\/div>\t\t\t<\/div>\n\t\t\t\t\t\t\t\t\t\t\t\t<div class=\"elementor-swiper-button elementor-swiper-button-prev\" role=\"button\" tabindex=\"0\">\n\t\t\t\t\t\t<i aria-hidden=\"true\" class=\"eicon-chevron-left\"><\/i>\t\t\t\t\t<\/div>\n\t\t\t\t\t<div class=\"elementor-swiper-button elementor-swiper-button-next\" role=\"button\" tabindex=\"0\">\n\t\t\t\t\t\t<i aria-hidden=\"true\" class=\"eicon-chevron-right\"><\/i>\t\t\t\t\t<\/div>\n\t\t\t\t\n\t\t\t\t\t\t\t\t\t<div class=\"swiper-pagination\"><\/div>\n\t\t\t\t\t\t\t\t\t<\/div>\n\t\t\t\t\t\t<\/div>\n\t\t\t\t<\/div>\n\t\t\t\t\t<\/div>\n\t\t<\/div>\n\t\t\t\t\t<\/div>\n\t\t<\/section>\n\t\t\t\t<section class=\"elementor-section elementor-top-section elementor-element elementor-element-516c4029 elementor-section-boxed elementor-section-height-default elementor-section-height-default\" data-id=\"516c4029\" data-element_type=\"section\">\n\t\t\t\t\t\t<div class=\"elementor-container elementor-column-gap-default\">\n\t\t\t\t\t<div class=\"elementor-column elementor-col-50 elementor-top-column elementor-element elementor-element-9ecd3f1\" data-id=\"9ecd3f1\" data-element_type=\"column\">\n\t\t\t<div class=\"elementor-widget-wrap elementor-element-populated\">\n\t\t\t\t\t\t<div class=\"elementor-element elementor-element-4465e70a elementor-widget elementor-widget-text-editor\" data-id=\"4465e70a\" data-element_type=\"widget\" data-widget_type=\"text-editor.default\">\n\t\t\t\t<div class=\"elementor-widget-container\">\n\t\t\t\t\t\t\t\t\t<p>Producto<\/p>\t\t\t\t\t\t\t\t<\/div>\n\t\t\t\t<\/div>\n\t\t\t\t<div class=\"elementor-element elementor-element-54326e98 elementor-widget elementor-widget-heading\" data-id=\"54326e98\" data-element_type=\"widget\" data-widget_type=\"heading.default\">\n\t\t\t\t<div class=\"elementor-widget-container\">\n\t\t\t\t\t<h4 class=\"elementor-heading-title elementor-size-default\">INNOTOX FNE<\/h4>\t\t\t\t<\/div>\n\t\t\t\t<\/div>\n\t\t\t\t<div class=\"elementor-element elementor-element-77b3fced elementor-widget__width-initial elementor-widget elementor-widget-text-editor\" data-id=\"77b3fced\" data-element_type=\"widget\" data-widget_type=\"text-editor.default\">\n\t\t\t\t<div class=\"elementor-widget-container\">\n\t\t\t\t\t\t\t\t\t<p style=\"margin-bottom: 0cm; text-align: justify; line-height: 19.5pt; background: white; vertical-align: baseline;\"><strong><span lang=\"ES\" style=\"color: black;\">Composici\u00f3n: &#8211; <\/span><\/strong><span lang=\"ES\" style=\"color: black;\">Bentonita (1m558) con m\u00e1s de un 70% de esmectita (montmorillonita diocta\u00e9drica).<\/span><\/p><p style=\"margin-bottom: 0cm; text-align: justify; line-height: 19.5pt; background: white; vertical-align: baseline;\"><span style=\"color: #000000;\"><b><span lang=\"ES\">Acci\u00f3n<\/span><\/b><strong><span lang=\"ES\"> f<\/span><span lang=\"ES\">armacol\u00f3gica: <\/span><\/strong><span lang=\"ES\">E<\/span><\/span><span lang=\"ES\" style=\"color: black;\">l aditivo tecnol\u00f3gico para pienso reduce el grado de absorci\u00f3n del organismo de la contaminaci\u00f3n de los piensos por micotoxinas, gracias al principio activo de la esmectita.<\/span><\/p><p style=\"margin-bottom: 0cm; text-align: justify; line-height: 19.5pt; background: white; vertical-align: baseline;\"><strong><span lang=\"ES\" style=\"color: black;\">Tipo de animales: <\/span><\/strong><span lang=\"ES\" style=\"color: black;\">Rumiantes, Aves de corral y Cerdos.<\/span><\/p><p><img decoding=\"async\" class=\"alignnone wp-image-1571\" style=\"color: #000000; font-style: inherit; font-weight: inherit;\" src=\"http:\/\/aevgroup.eu\/wp\/wp-content\/uploads\/2022\/05\/VACA-300x300.png\" alt=\"\" width=\"68\" height=\"68\" srcset=\"https:\/\/aevgroup.eu\/wp-content\/uploads\/2022\/05\/VACA-300x300.png 300w, https:\/\/aevgroup.eu\/wp-content\/uploads\/2022\/05\/VACA-150x150.png 150w, https:\/\/aevgroup.eu\/wp-content\/uploads\/2022\/05\/VACA-768x770.png 768w, https:\/\/aevgroup.eu\/wp-content\/uploads\/2022\/05\/VACA.png 1012w\" sizes=\"(max-width: 68px) 100vw, 68px\" \/><span style=\"color: #000000; font-size: 16px;\">\u00a0 \u00a0 \u00a0 \u00a0 \u00a0 \u00a0 \u00a0 \u00a0 \u00a0 \u00a0 \u00a0 \u00a0 \u00a0 \u00a0 \u00a0 \u00a0<\/span><img decoding=\"async\" class=\"wp-image-1569 alignnone\" style=\"color: #000000; font-style: inherit; font-weight: inherit;\" src=\"http:\/\/aevgroup.eu\/wp\/wp-content\/uploads\/2022\/05\/POLLO-188x300.png\" alt=\"\" width=\"45\" height=\"72\" srcset=\"https:\/\/aevgroup.eu\/wp-content\/uploads\/2022\/05\/POLLO-188x300.png 188w, https:\/\/aevgroup.eu\/wp-content\/uploads\/2022\/05\/POLLO.png 555w\" sizes=\"(max-width: 45px) 100vw, 45px\" \/><span style=\"color: #000000; font-size: 16px;\"> \u00a0\u00a0 \u00a0 \u00a0 \u00a0 \u00a0 \u00a0 \u00a0 \u00a0 \u00a0 \u00a0 \u00a0 \u00a0 \u00a0 \u00a0 \u00a0 \u00a0 \u00a0 \u00a0 <\/span><img decoding=\"async\" class=\"wp-image-1570 alignnone\" style=\"color: #000000; font-style: inherit; font-weight: inherit;\" src=\"http:\/\/aevgroup.eu\/wp\/wp-content\/uploads\/2022\/05\/PORC-300x240.png\" alt=\"\" width=\"65\" height=\"52\" srcset=\"https:\/\/aevgroup.eu\/wp-content\/uploads\/2022\/05\/PORC-300x240.png 300w, https:\/\/aevgroup.eu\/wp-content\/uploads\/2022\/05\/PORC-768x613.png 768w, https:\/\/aevgroup.eu\/wp-content\/uploads\/2022\/05\/PORC.png 964w\" sizes=\"(max-width: 65px) 100vw, 65px\" \/><\/p><p><span style=\"color: #000000;\"><strong>Indicaciones de uso: <\/strong>El INNOTOX FNE\u00a0 se utiliza para prevenir la absorci\u00f3n\/adsorci\u00f3n de micotoxinas en el tracto digestivo de los animales, para proteger el h\u00edgado y otros \u00f3rganos de los efectos t\u00f3xicos de las micotoxinas y para fortalecer la inmunidad del animal.<\/span><\/p><p><span style=\"color: #000000;\"><strong>Dosis y m\u00e9todos de administraci\u00f3n:\u00a0 <\/strong>El INNOTOX FNE\u00a0 se administra al pienso, utilizando las tecnolog\u00edas existentes para mezclar los aditivos s\u00f3lidos, con las siguientes dosis:<\/span><\/p><p><span style=\"color: #000000;\">\u2013 Rumiantes\u2026.\u2026&#8230; de 0,5 a 1,0 kg \/ T de pienso;<\/span><\/p><p><span style=\"color: #000000;\">\u2013 Aves de Corral\u2026&#8230;de 0,5 a 1,0 kg \/ T de pienso;<\/span><\/p><p><span style=\"color: #000000;\">\u2013 Cerdos\u2026\u2026\u2026\u2026\u2026.de 0,5 a 1,0 kg \/ T de pienso.<\/span><\/p><p><span style=\"color: #000000;\">En caso de situaciones con altos niveles de contaminaci\u00f3n por micotoxinas (aflatoxinas) se recomienda subir el ratio de 1,0 a 3,0 kg \/ T de pienso.<\/span><\/p>\t\t\t\t\t\t\t\t<\/div>\n\t\t\t\t<\/div>\n\t\t\t\t<div class=\"elementor-element elementor-element-78e26e0 elementor-widget elementor-widget-image\" data-id=\"78e26e0\" data-element_type=\"widget\" data-widget_type=\"image.default\">\n\t\t\t\t<div class=\"elementor-widget-container\">\n\t\t\t\t\t\t\t\t\t\t\t\t\t\t\t<img loading=\"lazy\" decoding=\"async\" width=\"997\" height=\"861\" src=\"https:\/\/aevgroup.eu\/wp-content\/uploads\/2022\/05\/Dosificacio.jpg\" class=\"attachment-large size-large wp-image-1578\" alt=\"\" srcset=\"https:\/\/aevgroup.eu\/wp-content\/uploads\/2022\/05\/Dosificacio.jpg 997w, https:\/\/aevgroup.eu\/wp-content\/uploads\/2022\/05\/Dosificacio-300x259.jpg 300w, https:\/\/aevgroup.eu\/wp-content\/uploads\/2022\/05\/Dosificacio-768x663.jpg 768w\" sizes=\"(max-width: 997px) 100vw, 997px\" \/>\t\t\t\t\t\t\t\t\t\t\t\t\t\t\t<\/div>\n\t\t\t\t<\/div>\n\t\t\t\t<div class=\"elementor-element elementor-element-ce243ed elementor-widget elementor-widget-text-editor\" data-id=\"ce243ed\" data-element_type=\"widget\" data-widget_type=\"text-editor.default\">\n\t\t\t\t<div class=\"elementor-widget-container\">\n\t\t\t\t\t\t\t\t\t<p><span style=\"color: #000000;\">El INNOTOX FNE s<\/span><span style=\"color: #000000;\">e puede a\u00f1adir a las mezclas de pienso sujetas a granulaci\u00f3n, sin perder sus propiedades.<\/span><\/p><p><span style=\"color: #000000;\"><strong>Consumo preferente:<\/strong> 24 meses desde el d\u00eda de fabricaci\u00f3n.<\/span><\/p><p><span style=\"color: #000000;\"><strong>Almacenaje:<\/strong> Almacenar en el envase del fabricante en lugares secos y frescos, evitar lugares h\u00famedos y el contacto directo con el sol.<\/span><\/p><p><strong><span style=\"color: #000000;\">Caracter\u00edsticas del envase: <\/span><\/strong><span style=\"color: #000000;\">Sacos de polipropileno laminado de 25 kg con bolsa interior de polietileno.<\/span><\/p>\t\t\t\t\t\t\t\t<\/div>\n\t\t\t\t<\/div>\n\t\t\t\t<div class=\"elementor-element elementor-element-662fa1ca elementor-widget elementor-widget-button\" data-id=\"662fa1ca\" data-element_type=\"widget\" data-widget_type=\"button.default\">\n\t\t\t\t<div class=\"elementor-widget-container\">\n\t\t\t\t\t\t\t\t\t<div class=\"elementor-button-wrapper\">\n\t\t\t\t\t<a class=\"elementor-button elementor-button-link elementor-size-sm\" href=\"http:\/\/aevgroup.eu\/wp-content\/uploads\/2022\/07\/FICHA-TECNICA-INNOTOX-FNE-Rev.-02-05-10-2016.pdf\">\n\t\t\t\t\t\t<span class=\"elementor-button-content-wrapper\">\n\t\t\t\t\t\t\t\t\t<span class=\"elementor-button-text\">Mas informaci\u00f3n <\/span>\n\t\t\t\t\t<\/span>\n\t\t\t\t\t<\/a>\n\t\t\t\t<\/div>\n\t\t\t\t\t\t\t\t<\/div>\n\t\t\t\t<\/div>\n\t\t\t\t\t<\/div>\n\t\t<\/div>\n\t\t\t\t<div class=\"elementor-column elementor-col-50 elementor-top-column elementor-element elementor-element-762b62aa elementor-hidden-mobile\" data-id=\"762b62aa\" data-element_type=\"column\">\n\t\t\t<div class=\"elementor-widget-wrap elementor-element-populated\">\n\t\t\t\t\t\t<div class=\"elementor-element elementor-element-ce2db8a elementor-widget elementor-widget-image\" data-id=\"ce2db8a\" data-element_type=\"widget\" data-widget_type=\"image.default\">\n\t\t\t\t<div class=\"elementor-widget-container\">\n\t\t\t\t\t\t\t\t\t\t\t\t\t\t\t<img loading=\"lazy\" decoding=\"async\" width=\"2222\" height=\"2560\" src=\"https:\/\/aevgroup.eu\/wp-content\/uploads\/2022\/06\/Saco-foto-test-scaled.jpg\" class=\"attachment-full size-full wp-image-1901\" alt=\"\" srcset=\"https:\/\/aevgroup.eu\/wp-content\/uploads\/2022\/06\/Saco-foto-test-scaled.jpg 2222w, https:\/\/aevgroup.eu\/wp-content\/uploads\/2022\/06\/Saco-foto-test-260x300.jpg 260w, https:\/\/aevgroup.eu\/wp-content\/uploads\/2022\/06\/Saco-foto-test-889x1024.jpg 889w, https:\/\/aevgroup.eu\/wp-content\/uploads\/2022\/06\/Saco-foto-test-768x885.jpg 768w, https:\/\/aevgroup.eu\/wp-content\/uploads\/2022\/06\/Saco-foto-test-1333x1536.jpg 1333w, https:\/\/aevgroup.eu\/wp-content\/uploads\/2022\/06\/Saco-foto-test-1778x2048.jpg 1778w, https:\/\/aevgroup.eu\/wp-content\/uploads\/2022\/06\/Saco-foto-test-10x12.jpg 10w\" sizes=\"(max-width: 2222px) 100vw, 2222px\" \/>\t\t\t\t\t\t\t\t\t\t\t\t\t\t\t<\/div>\n\t\t\t\t<\/div>\n\t\t\t\t<div class=\"elementor-element elementor-element-4d4f354 elementor-view-default elementor-widget elementor-widget-icon\" data-id=\"4d4f354\" data-element_type=\"widget\" data-widget_type=\"icon.default\">\n\t\t\t\t<div class=\"elementor-widget-container\">\n\t\t\t\t\t\t\t<div class=\"elementor-icon-wrapper\">\n\t\t\t<div class=\"elementor-icon\">\n\t\t\t<i aria-hidden=\"true\" class=\"fas fa-shield-alt\"><\/i>\t\t\t<\/div>\n\t\t<\/div>\n\t\t\t\t\t\t<\/div>\n\t\t\t\t<\/div>\n\t\t\t\t<div class=\"elementor-element elementor-element-c2eb2a9 elementor-widget elementor-widget-image\" data-id=\"c2eb2a9\" data-element_type=\"widget\" data-widget_type=\"image.default\">\n\t\t\t\t<div class=\"elementor-widget-container\">\n\t\t\t\t\t\t\t\t\t\t\t\t\t\t\t<img loading=\"lazy\" decoding=\"async\" width=\"1024\" height=\"898\" src=\"https:\/\/aevgroup.eu\/wp-content\/uploads\/2022\/05\/FNE3-1024x898-1.png\" class=\"attachment-large size-large wp-image-1325\" alt=\"\" srcset=\"https:\/\/aevgroup.eu\/wp-content\/uploads\/2022\/05\/FNE3-1024x898-1.png 1024w, https:\/\/aevgroup.eu\/wp-content\/uploads\/2022\/05\/FNE3-1024x898-1-300x263.png 300w, https:\/\/aevgroup.eu\/wp-content\/uploads\/2022\/05\/FNE3-1024x898-1-768x674.png 768w\" sizes=\"(max-width: 1024px) 100vw, 1024px\" \/>\t\t\t\t\t\t\t\t\t\t\t\t\t\t\t<\/div>\n\t\t\t\t<\/div>\n\t\t\t\t<div class=\"elementor-element elementor-element-2855455 elementor-view-default elementor-widget elementor-widget-icon\" data-id=\"2855455\" data-element_type=\"widget\" data-widget_type=\"icon.default\">\n\t\t\t\t<div class=\"elementor-widget-container\">\n\t\t\t\t\t\t\t<div class=\"elementor-icon-wrapper\">\n\t\t\t<div class=\"elementor-icon\">\n\t\t\t<i aria-hidden=\"true\" class=\"fas fa-award\"><\/i>\t\t\t<\/div>\n\t\t<\/div>\n\t\t\t\t\t\t<\/div>\n\t\t\t\t<\/div>\n\t\t\t\t<div class=\"elementor-element elementor-element-76db214 elementor-widget elementor-widget-image\" data-id=\"76db214\" data-element_type=\"widget\" data-widget_type=\"image.default\">\n\t\t\t\t<div class=\"elementor-widget-container\">\n\t\t\t\t\t\t\t\t\t\t\t\t\t\t\t<img loading=\"lazy\" decoding=\"async\" width=\"1024\" height=\"682\" src=\"https:\/\/aevgroup.eu\/wp-content\/uploads\/2022\/05\/cereals-field-green-480691-1024x682.jpg\" class=\"attachment-large size-large wp-image-1329\" alt=\"cereals, field, green-480691.jpg\" srcset=\"https:\/\/aevgroup.eu\/wp-content\/uploads\/2022\/05\/cereals-field-green-480691-1024x682.jpg 1024w, https:\/\/aevgroup.eu\/wp-content\/uploads\/2022\/05\/cereals-field-green-480691-300x200.jpg 300w, https:\/\/aevgroup.eu\/wp-content\/uploads\/2022\/05\/cereals-field-green-480691-768x512.jpg 768w, https:\/\/aevgroup.eu\/wp-content\/uploads\/2022\/05\/cereals-field-green-480691.jpg 1280w\" sizes=\"(max-width: 1024px) 100vw, 1024px\" \/>\t\t\t\t\t\t\t\t\t\t\t\t\t\t\t<\/div>\n\t\t\t\t<\/div>\n\t\t\t\t<div class=\"elementor-element elementor-element-a32c926 elementor-view-default elementor-widget elementor-widget-icon\" data-id=\"a32c926\" data-element_type=\"widget\" data-widget_type=\"icon.default\">\n\t\t\t\t<div class=\"elementor-widget-container\">\n\t\t\t\t\t\t\t<div class=\"elementor-icon-wrapper\">\n\t\t\t<div class=\"elementor-icon\">\n\t\t\t<i aria-hidden=\"true\" class=\"fas fa-check-circle\"><\/i>\t\t\t<\/div>\n\t\t<\/div>\n\t\t\t\t\t\t<\/div>\n\t\t\t\t<\/div>\n\t\t\t\t<div class=\"elementor-element elementor-element-800ee48 elementor-widget elementor-widget-image\" data-id=\"800ee48\" data-element_type=\"widget\" data-widget_type=\"image.default\">\n\t\t\t\t<div class=\"elementor-widget-container\">\n\t\t\t\t\t\t\t\t\t\t\t\t\t\t\t<img loading=\"lazy\" decoding=\"async\" width=\"300\" height=\"116\" src=\"https:\/\/aevgroup.eu\/wp-content\/uploads\/2022\/05\/NUMERO-DE-MC-I-NUM-DEL-FABRICANT-1024x395-1-300x116.png\" class=\"attachment-medium size-medium wp-image-1600\" alt=\"\" srcset=\"https:\/\/aevgroup.eu\/wp-content\/uploads\/2022\/05\/NUMERO-DE-MC-I-NUM-DEL-FABRICANT-1024x395-1-300x116.png 300w, https:\/\/aevgroup.eu\/wp-content\/uploads\/2022\/05\/NUMERO-DE-MC-I-NUM-DEL-FABRICANT-1024x395-1-768x296.png 768w, https:\/\/aevgroup.eu\/wp-content\/uploads\/2022\/05\/NUMERO-DE-MC-I-NUM-DEL-FABRICANT-1024x395-1.png 1024w\" sizes=\"(max-width: 300px) 100vw, 300px\" \/>\t\t\t\t\t\t\t\t\t\t\t\t\t\t\t<\/div>\n\t\t\t\t<\/div>\n\t\t\t\t\t<\/div>\n\t\t<\/div>\n\t\t\t\t\t<\/div>\n\t\t<\/section>\n\t\t\t\t<section class=\"elementor-section elementor-top-section elementor-element elementor-element-7d8b045 elementor-section-boxed elementor-section-height-default elementor-section-height-default\" data-id=\"7d8b045\" data-element_type=\"section\">\n\t\t\t\t\t\t<div class=\"elementor-container elementor-column-gap-default\">\n\t\t\t\t\t<div class=\"elementor-column elementor-col-100 elementor-top-column elementor-element elementor-element-c96bddf\" data-id=\"c96bddf\" data-element_type=\"column\">\n\t\t\t<div class=\"elementor-widget-wrap elementor-element-populated\">\n\t\t\t\t\t\t<div class=\"elementor-element elementor-element-9a234ab elementor-arrows-position-inside elementor-pagination-position-outside elementor-widget elementor-widget-image-carousel\" data-id=\"9a234ab\" data-element_type=\"widget\" data-settings=\"{&quot;navigation&quot;:&quot;both&quot;,&quot;autoplay&quot;:&quot;yes&quot;,&quot;pause_on_hover&quot;:&quot;yes&quot;,&quot;pause_on_interaction&quot;:&quot;yes&quot;,&quot;autoplay_speed&quot;:5000,&quot;infinite&quot;:&quot;yes&quot;,&quot;speed&quot;:500}\" data-widget_type=\"image-carousel.default\">\n\t\t\t\t<div class=\"elementor-widget-container\">\n\t\t\t\t\t\t\t<div class=\"elementor-image-carousel-wrapper swiper\" role=\"region\" aria-roledescription=\"carousel\" aria-label=\"\u041a\u0430\u0440\u0443\u0441\u0435\u043b\u044c\" dir=\"ltr\">\n\t\t\t<div class=\"elementor-image-carousel swiper-wrapper\" aria-live=\"off\">\n\t\t\t\t\t\t\t\t<div class=\"swiper-slide\" role=\"group\" aria-roledescription=\"slide\" aria-label=\"1 \u0438\u0437 2\"><figure class=\"swiper-slide-inner\"><img decoding=\"async\" class=\"swiper-slide-image\" src=\"https:\/\/aevgroup.eu\/wp-content\/uploads\/2022\/06\/istockphoto-520118491-612x612-1.jpg\" alt=\"Alfalfa powder isolated on white\" \/><\/figure><\/div><div class=\"swiper-slide\" role=\"group\" aria-roledescription=\"slide\" aria-label=\"2 \u0438\u0437 2\"><figure class=\"swiper-slide-inner\"><img decoding=\"async\" class=\"swiper-slide-image\" src=\"https:\/\/aevgroup.eu\/wp-content\/uploads\/2022\/06\/istockphoto-519438419-612x612-1.jpg\" alt=\"Heap of alfalfa powder isolated on white background\" \/><\/figure><\/div>\t\t\t<\/div>\n\t\t\t\t\t\t\t\t\t\t\t\t<div class=\"elementor-swiper-button elementor-swiper-button-prev\" role=\"button\" tabindex=\"0\">\n\t\t\t\t\t\t<i aria-hidden=\"true\" class=\"eicon-chevron-left\"><\/i>\t\t\t\t\t<\/div>\n\t\t\t\t\t<div class=\"elementor-swiper-button elementor-swiper-button-next\" role=\"button\" tabindex=\"0\">\n\t\t\t\t\t\t<i aria-hidden=\"true\" class=\"eicon-chevron-right\"><\/i>\t\t\t\t\t<\/div>\n\t\t\t\t\n\t\t\t\t\t\t\t\t\t<div class=\"swiper-pagination\"><\/div>\n\t\t\t\t\t\t\t\t\t<\/div>\n\t\t\t\t\t\t<\/div>\n\t\t\t\t<\/div>\n\t\t\t\t\t<\/div>\n\t\t<\/div>\n\t\t\t\t\t<\/div>\n\t\t<\/section>\n\t\t\t\t<section class=\"elementor-section elementor-top-section elementor-element elementor-element-1b93bf2b elementor-section-boxed elementor-section-height-default elementor-section-height-default\" data-id=\"1b93bf2b\" data-element_type=\"section\" data-settings=\"{&quot;background_background&quot;:&quot;classic&quot;}\">\n\t\t\t\t\t\t<div class=\"elementor-container elementor-column-gap-default\">\n\t\t\t\t\t<div class=\"elementor-column elementor-col-33 elementor-top-column elementor-element elementor-element-349848ee\" data-id=\"349848ee\" data-element_type=\"column\">\n\t\t\t<div class=\"elementor-widget-wrap\">\n\t\t\t\t\t\t\t<\/div>\n\t\t<\/div>\n\t\t\t\t<div class=\"elementor-column elementor-col-33 elementor-top-column elementor-element elementor-element-2904fe71\" data-id=\"2904fe71\" data-element_type=\"column\">\n\t\t\t<div class=\"elementor-widget-wrap elementor-element-populated\">\n\t\t\t\t\t\t<div class=\"elementor-element elementor-element-2653267 elementor-widget elementor-widget-spacer\" data-id=\"2653267\" data-element_type=\"widget\" data-widget_type=\"spacer.default\">\n\t\t\t\t<div class=\"elementor-widget-container\">\n\t\t\t\t\t\t\t<div class=\"elementor-spacer\">\n\t\t\t<div class=\"elementor-spacer-inner\"><\/div>\n\t\t<\/div>\n\t\t\t\t\t\t<\/div>\n\t\t\t\t<\/div>\n\t\t\t\t<div class=\"elementor-element elementor-element-7c2c19c6 elementor-widget elementor-widget-image\" data-id=\"7c2c19c6\" data-element_type=\"widget\" data-widget_type=\"image.default\">\n\t\t\t\t<div class=\"elementor-widget-container\">\n\t\t\t\t\t\t\t\t\t\t\t\t\t\t\t<img decoding=\"async\" src=\"https:\/\/aevgroup.eu\/wp-content\/uploads\/2021\/11\/quotes.svg\" class=\"attachment-full size-full wp-image-117\" alt=\"\" \/>\t\t\t\t\t\t\t\t\t\t\t\t\t\t\t<\/div>\n\t\t\t\t<\/div>\n\t\t\t\t<div class=\"elementor-element elementor-element-1cdaf1f5 elementor-widget elementor-widget-heading\" data-id=\"1cdaf1f5\" data-element_type=\"widget\" data-widget_type=\"heading.default\">\n\t\t\t\t<div class=\"elementor-widget-container\">\n\t\t\t\t\t<h4 class=\"elementor-heading-title elementor-size-default\">\u201cConstruimos el puente hacia una alimentaci\u00f3n natural para mejorar nuestra salud.\u201d<\/h4>\t\t\t\t<\/div>\n\t\t\t\t<\/div>\n\t\t\t\t<div class=\"elementor-element elementor-element-6c218857 elementor-widget elementor-widget-image\" data-id=\"6c218857\" data-element_type=\"widget\" data-widget_type=\"image.default\">\n\t\t\t\t<div class=\"elementor-widget-container\">\n\t\t\t\t\t\t\t\t\t\t\t\t\t\t\t<img loading=\"lazy\" decoding=\"async\" width=\"1080\" height=\"1080\" src=\"https:\/\/aevgroup.eu\/wp-content\/uploads\/2022\/05\/logo-aevgroup.png\" class=\"attachment-full size-full wp-image-794\" alt=\"\" srcset=\"https:\/\/aevgroup.eu\/wp-content\/uploads\/2022\/05\/logo-aevgroup.png 1080w, https:\/\/aevgroup.eu\/wp-content\/uploads\/2022\/05\/logo-aevgroup-300x300.png 300w, https:\/\/aevgroup.eu\/wp-content\/uploads\/2022\/05\/logo-aevgroup-1024x1024.png 1024w, https:\/\/aevgroup.eu\/wp-content\/uploads\/2022\/05\/logo-aevgroup-150x150.png 150w, https:\/\/aevgroup.eu\/wp-content\/uploads\/2022\/05\/logo-aevgroup-768x768.png 768w, https:\/\/aevgroup.eu\/wp-content\/uploads\/2022\/05\/logo-aevgroup-120x120.png 120w\" sizes=\"(max-width: 1080px) 100vw, 1080px\" \/>\t\t\t\t\t\t\t\t\t\t\t\t\t\t\t<\/div>\n\t\t\t\t<\/div>\n\t\t\t\t<div class=\"elementor-element elementor-element-76207af elementor-widget elementor-widget-text-editor\" data-id=\"76207af\" data-element_type=\"widget\" data-widget_type=\"text-editor.default\">\n\t\t\t\t<div class=\"elementor-widget-container\">\n\t\t\t\t\t\t\t\t\t<p>INNOTOX<\/p>\t\t\t\t\t\t\t\t<\/div>\n\t\t\t\t<\/div>\n\t\t\t\t\t<\/div>\n\t\t<\/div>\n\t\t\t\t<div class=\"elementor-column elementor-col-33 elementor-top-column elementor-element elementor-element-449265fe\" data-id=\"449265fe\" data-element_type=\"column\">\n\t\t\t<div class=\"elementor-widget-wrap\">\n\t\t\t\t\t\t\t<\/div>\n\t\t<\/div>\n\t\t\t\t\t<\/div>\n\t\t<\/section>\n\t\t\t\t<\/div>","protected":false},"excerpt":{"rendered":"<p>INNOTOX FNE Anterior Siguiente Producto INNOTOX FNE Composici\u00f3n: &#8211; Bentonita (1m558) con m\u00e1s de un 70% de esmectita (montmorillonita diocta\u00e9drica). Acci\u00f3n farmacol\u00f3gica: El aditivo tecnol\u00f3gico para pienso reduce el grado de absorci\u00f3n del organismo de la contaminaci\u00f3n de los piensos por micotoxinas, gracias al principio activo de la esmectita. Tipo de animales: Rumiantes, Aves de &hellip;<\/p>\n<p class=\"read-more\"> <a class=\"\" href=\"https:\/\/aevgroup.eu\/ru\/innotox-fne\/\"> <span class=\"screen-reader-text\">INNOTOX FNE<\/span> \u0427\u0438\u0442\u0430\u0442\u044c \u043f\u043e\u043b\u043d\u043e\u0441\u0442\u044c\u044e &raquo;<\/a><\/p>","protected":false},"author":1,"featured_media":0,"parent":0,"menu_order":0,"comment_status":"closed","ping_status":"closed","template":"","meta":{"site-sidebar-layout":"no-sidebar","site-content-layout":"page-builder","ast-main-header-display":"","ast-hfb-above-header-display":"","ast-hfb-below-header-display":"","ast-hfb-mobile-header-display":"","site-post-title":"disabled","ast-breadcrumbs-content":"","ast-featured-img":"disabled","footer-sml-layout":"","theme-transparent-header-meta":"","adv-header-id-meta":"","stick-header-meta":"","header-above-stick-meta":"","header-main-stick-meta":"","header-below-stick-meta":"","footnotes":""},"class_list":["post-1447","page","type-page","status-publish","hentry"],"_links":{"self":[{"href":"https:\/\/aevgroup.eu\/ru\/wp-json\/wp\/v2\/pages\/1447","targetHints":{"allow":["GET"]}}],"collection":[{"href":"https:\/\/aevgroup.eu\/ru\/wp-json\/wp\/v2\/pages"}],"about":[{"href":"https:\/\/aevgroup.eu\/ru\/wp-json\/wp\/v2\/types\/page"}],"author":[{"embeddable":true,"href":"https:\/\/aevgroup.eu\/ru\/wp-json\/wp\/v2\/users\/1"}],"replies":[{"embeddable":true,"href":"https:\/\/aevgroup.eu\/ru\/wp-json\/wp\/v2\/comments?post=1447"}],"version-history":[{"count":202,"href":"https:\/\/aevgroup.eu\/ru\/wp-json\/wp\/v2\/pages\/1447\/revisions"}],"predecessor-version":[{"id":3110,"href":"https:\/\/aevgroup.eu\/ru\/wp-json\/wp\/v2\/pages\/1447\/revisions\/3110"}],"wp:attachment":[{"href":"https:\/\/aevgroup.eu\/ru\/wp-json\/wp\/v2\/media?parent=1447"}],"curies":[{"name":"wp","href":"https:\/\/api.w.org\/{rel}","templated":true}]}}